{"id":108,"date":"2022-07-17T20:01:44","date_gmt":"2022-07-17T20:01:44","guid":{"rendered":"http:\/\/almaconsulting.hu\/?page_id=108"},"modified":"2023-02-11T12:30:19","modified_gmt":"2023-02-11T12:30:19","slug":"kezdolap","status":"publish","type":"page","link":"http:\/\/almaconsulting.hu\/","title":{"rendered":"Kezd\u0151lap"},"content":{"rendered":"\n<p>Az ALMA Consulting szolg\u00e1ltat\u00e1sai a kreat\u00edv \u00f6nismeret vil\u00e1g\u00e1ba vezetnek, ahol \u00f6nmagad lehetsz, tanulhatsz, fejl\u0151dhetsz, t\u00f6lt\u0151dhetsz. Figyelmet, elfogad\u00e1st \u00e9s hat\u00e9kony, szem\u00e9lyis\u00e9gfejleszt\u00e9st \u00e9s \u00e9letmentor\u00e1l\u00e1st k\u00edn\u00e1lok a TE vil\u00e1godra szabva.<\/p>\n\n\n\n<figure class=\"wp-block-image size-large\"><img decoding=\"async\" loading=\"lazy\" width=\"1024\" height=\"683\" src=\"http:\/\/almaconsulting.hu\/wp-content\/uploads\/2022\/04\/work_00603-1024x683.jpg\" alt=\"\" class=\"wp-image-135\" srcset=\"http:\/\/almaconsulting.hu\/wp-content\/uploads\/2022\/04\/work_00603-1024x683.jpg 1024w, http:\/\/almaconsulting.hu\/wp-content\/uploads\/2022\/04\/work_00603-300x200.jpg 300w, http:\/\/almaconsulting.hu\/wp-content\/uploads\/2022\/04\/work_00603-768x512.jpg 768w, http:\/\/almaconsulting.hu\/wp-content\/uploads\/2022\/04\/work_00603-1536x1024.jpg 1536w, http:\/\/almaconsulting.hu\/wp-content\/uploads\/2022\/04\/work_00603-2048x1366.jpg 2048w\" sizes=\"(max-width: 1024px) 100vw, 1024px\" \/><\/figure>\n","protected":false},"excerpt":{"rendered":"<p>Az ALMA Consulting szolg\u00e1ltat\u00e1sai a kreat\u00edv \u00f6nismeret vil\u00e1g\u00e1ba vezetnek, ahol \u00f6nmagad lehetsz, tanulhatsz, fejl\u0151dhetsz, t\u00f6lt\u0151dhetsz. Figyelmet, elfogad\u00e1st \u00e9s hat\u00e9kony, szem\u00e9lyis\u00e9gfejleszt\u00e9st \u00e9s \u00e9letmentor\u00e1l\u00e1st k\u00edn\u00e1lok a TE vil\u00e1godra szabva.<\/p>\n","protected":false},"author":1,"featured_media":0,"parent":0,"menu_order":0,"comment_status":"closed","ping_status":"closed","template":"","meta":[],"_links":{"self":[{"href":"http:\/\/almaconsulting.hu\/index.php?rest_route=\/wp\/v2\/pages\/108"}],"collection":[{"href":"http:\/\/almaconsulting.hu\/index.php?rest_route=\/wp\/v2\/pages"}],"about":[{"href":"http:\/\/almaconsulting.hu\/index.php?rest_route=\/wp\/v2\/types\/page"}],"author":[{"embeddable":true,"href":"http:\/\/almaconsulting.hu\/index.php?rest_route=\/wp\/v2\/users\/1"}],"replies":[{"embeddable":true,"href":"http:\/\/almaconsulting.hu\/index.php?rest_route=%2Fwp%2Fv2%2Fcomments&post=108"}],"version-history":[{"count":3,"href":"http:\/\/almaconsulting.hu\/index.php?rest_route=\/wp\/v2\/pages\/108\/revisions"}],"predecessor-version":[{"id":214,"href":"http:\/\/almaconsulting.hu\/index.php?rest_route=\/wp\/v2\/pages\/108\/revisions\/214"}],"wp:attachment":[{"href":"http:\/\/almaconsulting.hu\/index.php?rest_route=%2Fwp%2Fv2%2Fmedia&parent=108"}],"curies":[{"name":"wp","href":"https:\/\/api.w.org\/{rel}","templated":true}]}}