{"id":111,"date":"2022-07-17T20:01:44","date_gmt":"2022-07-17T20:01:44","guid":{"rendered":"http:\/\/almaconsulting.hu\/?page_id=111"},"modified":"2023-02-11T10:22:20","modified_gmt":"2023-02-11T10:22:20","slug":"rolam","status":"publish","type":"page","link":"http:\/\/almaconsulting.hu\/?page_id=111","title":{"rendered":"Szeretettel \u00fcdv\u00f6z\u00f6llek n\u00e1lam!"},"content":{"rendered":"\n<p><em>&#8220;<\/em>Mindig csak egy l\u00e9p\u00e9st tudunk tenni befel\u00e9 egyszerre, nem t\u00f6bbet, \u00e9s minden l\u00e9p\u00e9s nagy munka, \u00e9s minden l\u00e9p\u00e9s ut\u00e1n felt\u00e1rul egy \u00fajabb l\u00e9p\u00e9s, \u00fajabb kih\u00edv\u00e1s, \u00fajabb c\u00e9l, \u00fajabb k\u00fczd\u00e9s. Nem a v\u00e9g\u00e9t kell megc\u00e9lozni, hanem a progresszi\u00f3t.&#8221; (Tisza Kata)<\/p>\n\n\n\n<p class=\"has-text-align-left\">Dr. Alm\u00e1si Anita vagyok, az ALMA Consulting meg\u00e1lmod\u00f3ja, alap\u00edt\u00f3ja. Gyerekkorom \u00f3ta vonzott, hogy megtudjam, mi t\u00f6rt\u00e9nik a k\u00f6r\u00fcl\u00f6ttem \u00e9l\u0151k \u00e9let\u00e9ben, lelk\u00e9ben, kutattam a v\u00e1laszokat mi\u00e9rtjeimre. Ezt a k\u00edv\u00e1ncsis\u00e1gomat sok\u00e1ig k\u00f6nyvekb\u0151l igyekeztem kiel\u00e9g\u00edteni \u00e9s m\u00e1r fiatalon sok saj\u00e1t \u00e9lm\u00e9ny\u0171 tapasztal\u00e1st is szereztem ezzel a ter\u00fclettel k\u00e9pz\u00e9sek \u00e9s el\u0151ad\u00e1sok l\u00e1togat\u00e1sa form\u00e1j\u00e1ban. Hasonl\u00f3 lelkesed\u00e9st \u00e9reztem az \u00e1llatok ir\u00e1nt is, ez\u00e9rt lett az eredeti szakm\u00e1m agr\u00e1rm\u00e9rn\u00f6k. M\u00e9rn\u00f6kk\u00e9nt, kutat\u00f3k\u00e9nt elt\u00f6lt\u00f6tt k\u00f6zel 20 \u00e9vemben megtanultam a logikus \u00e9s racion\u00e1lis utakat, a h\u00e1l\u00f3zati szeml\u00e9letm\u00f3dot, analitikus gondolkod\u00e1st, ugyanakkor abban is \u00e9rintve voltam, hogyan alak\u00edtja, form\u00e1lja, sok esetben torz\u00edtja ez az \u00e9letforma a legfontosabb emberi kapcsolatainkat. Ezt a tapasztalati tud\u00e1st igyekszem a mai napig a seg\u00edt\u0151i munk\u00e1ban is haszn\u00e1lni annak \u00e9rdek\u00e9ben, hogy t\u00e1mogassam klienseimet rendszerben l\u00e1tni a saj\u00e1t \u00e9let\u00fcket.<\/p>\n\n\n\n<p>K\u00f6zel 5 \u00e9ve, egzisztenci\u00e1lis kih\u00edv\u00e1sokkal, instabil emberi kapcsolatokkal v\u00e1gtam bele el\u0151sz\u00f6r ter\u00e1pi\u00e1ba. A saj\u00e1t \u00f6nismereti munk\u00e1m alatt sz\u00fcletett, majd er\u0151s\u00f6d\u00f6tt meg bennem az az elhat\u00e1roz\u00e1s, hogy k\u00e9pezzem magam a gyerekkorban v\u00e1gyott ter\u00fcleteken, \u00edgy 2019-ben Life majd Business coach lettem.<\/p>\n\n\n<div class=\"wp-block-image\">\n<figure class=\"aligncenter size-large is-resized\"><img decoding=\"async\" loading=\"lazy\" src=\"http:\/\/almaconsulting.hu\/wp-content\/uploads\/2021\/12\/DSC_2969-1-1024x683.jpg\" alt=\"\" class=\"wp-image-124\" width=\"768\" height=\"512\" srcset=\"http:\/\/almaconsulting.hu\/wp-content\/uploads\/2021\/12\/DSC_2969-1-1024x683.jpg 1024w, http:\/\/almaconsulting.hu\/wp-content\/uploads\/2021\/12\/DSC_2969-1-300x200.jpg 300w, http:\/\/almaconsulting.hu\/wp-content\/uploads\/2021\/12\/DSC_2969-1-768x512.jpg 768w, http:\/\/almaconsulting.hu\/wp-content\/uploads\/2021\/12\/DSC_2969-1-1536x1024.jpg 1536w\" sizes=\"(max-width: 768px) 100vw, 768px\" \/><\/figure><\/div>\n\n\n<p>&nbsp;A kit\u0171n\u0151, sz\u00edvt\u0151l-sz\u00edvig kapcsol\u00f3d\u00f3 oktat\u00f3k v\u00e9gleg meger\u0151s\u00edtettek abban, hogy megtal\u00e1ltam a hivat\u00e1som. Munk\u00e1m sor\u00e1n els\u0151sorban a Rogersi pozit\u00edv pszichol\u00f3gia, NLP \u00e9s a Gestalt m\u00f3dszereket integr\u00e1lva dolgozom, mellyel hat\u00e9konyan tudom t\u00e1mogatni klienseimet; a t\u00f6rt\u00e9neteik elfogad\u00e1s\u00e1ban, az \u00f6nmagukhoz val\u00f3 kapcsol\u00f3d\u00e1s erej\u00e9nek meg\u00e9rz\u00e9s\u00e9ben, er\u0151forr\u00e1saik, c\u00e9ljaik megtal\u00e1l\u00e1s\u00e1ban, az \u00e9let\u00fck b\u00e1rmely ter\u00fclet\u00e9n.<\/p>\n\n\n\n<p>Gyakran haszn\u00e1lok asszoci\u00e1ci\u00f3s, ter\u00e1pi\u00e1s k\u00e1rty\u00e1kat (OH k\u00e1rty\u00e1k),  cselekv\u00e9sorient\u00e1lt, dramatikus eszk\u00f6z\u00f6ket vagy ahol a kliensek alkot\u00e1ssal mer\u00fclhetek el saj\u00e1t vil\u00e1gukban \u00e9s jutnak olyan felfedez\u00e9sekre, melyek m\u00e1s m\u00f3don nem sz\u00fclethetn\u00e9nek meg benn\u00fck.<\/p>\n\n\n\n<p>Folyamatosan k\u00e9pzem magam, mert az \u00e9letem esszenci\u00e1ja a tanul\u00e1s, \u00faj tud\u00e1s megszerz\u00e9se, \u00f6nmagamr\u00f3l, m\u00e1sokr\u00f3l \u00e9s a vil\u00e1gr\u00f3l. Jelenleg is a gy\u0151ri sz\u00e9khely\u0171 Szem\u00e9lyis\u00e9gfejleszt\u0151 Akad\u00e9mia  tov\u00e1bbk\u00e9pz\u0151s hallgat\u00f3ja vagyok, ahol  a szakma kiemelked\u0151 alakjait\u00f3l van szerencs\u00e9m tanulni, mely minden alkalom egy izgalmas felfedez\u00e9s \u00e9s \u00f6r\u00f6m sz\u00e1momra.<\/p>\n\n\n\n<p>Azt szeretem a hivat\u00e1somban, hogy nap, mint nap min\u0151s\u00e9gi \u00e9s tartalmas id\u0151t t\u00f6lthetek b\u00e1tor \u00e9s v\u00e1ltoz\u00e1sra \u00e9hes emberekkel, akikkel val\u00f3 m\u00e9ly, emberi kapcsolat legal\u00e1bb olyan fontoss\u00e1 \u00e9s tanuls\u00e1goss\u00e1 v\u00e1lhat sz\u00e1momra, mint sz\u00e1mukra. Szeretem meghallgatni \u00e9s meghallani \u0151ket, elfogadni \u00e9s l\u00e1tni azt akik, \u00edt\u00e9lkez\u00e9st\u0151l mentesen \u00e9s szeretettel, ugyanakkor alkalmazva az \u00e1ltalam legink\u00e1bb hat\u00e9konynak \u00edt\u00e9lt m\u00f3dszert \u00e9s eszk\u00f6zt annak \u00e9rdek\u00e9ben, hogy \u00e9let\u00fcket igazibban \u00e9s szabadabban \u00e9lhess\u00e9k.<\/p>\n\n\n\n<figure class=\"wp-block-image size-large\"><img decoding=\"async\" loading=\"lazy\" width=\"1024\" height=\"683\" src=\"http:\/\/almaconsulting.hu\/wp-content\/uploads\/2021\/12\/DSC_2909-1024x683.jpg\" alt=\"\" class=\"wp-image-121\" srcset=\"http:\/\/almaconsulting.hu\/wp-content\/uploads\/2021\/12\/DSC_2909-1024x683.jpg 1024w, http:\/\/almaconsulting.hu\/wp-content\/uploads\/2021\/12\/DSC_2909-300x200.jpg 300w, http:\/\/almaconsulting.hu\/wp-content\/uploads\/2021\/12\/DSC_2909-768x512.jpg 768w, http:\/\/almaconsulting.hu\/wp-content\/uploads\/2021\/12\/DSC_2909-1536x1024.jpg 1536w\" sizes=\"(max-width: 1024px) 100vw, 1024px\" \/><\/figure>\n\n\n\n<p><strong>EDDIGI SZAKMAI \u00c9LETUTAM:<\/strong><\/p>\n\n\n\n<p><\/p>\n\n\n\n<p>2022-2024: Szem\u00e9lyis\u00e9gfejleszt\u0151 terapeuta (Szem\u00e9lyis\u00e9gfejleszt\u0151 Akad\u00e9mia, Gy\u0151r)<\/p>\n\n\n\n<p>2019-2022: \u00c9rzelmi intelligenciafejleszt\u0151 \u2013 Szem\u00e9lyis\u00e9gfejleszt\u0151 (Szem\u00e9lyis\u00e9gfejleszt\u0151 Akad\u00e9mia, Gy\u0151r)<\/p>\n\n\n\n<p>2019: Life coach (Indigo Coaching Kft., Budapest)<\/p>\n\n\n\n<p>2019: Business coach (Indigo Coaching Kft., Budapest)<\/p>\n\n\n\n<p>1997-2003: Agr\u00e1rm\u00e9rn\u00f6k (\u00e1llateny\u00e9szt\u00e9si szakir\u00e1ny\u00fa), majd 2015-ben doktori fokozatszerz\u00e9s<\/p>\n\n\n\n<p><strong>EGY\u00c9B K\u00c9PZ\u00c9SEK:<\/strong><\/p>\n\n\n\n<p>2019: OH instruktor (tov\u00e1bbk\u00e9pz\u00e9sek 2019-2021-ben az al\u00e1bbi k\u00e1rtyacsomag\/t\u00e9mak\u00f6r\u00f6kben; Bels\u0151 gyermek, Bels\u0151 vil\u00e1gunk, P\u00e1rkapcsolatok, Stresszkezel\u00e9s-reziliencia, Traumafeldolgoz\u00e1s)<\/p>\n\n\n\n<p><strong>TAGS\u00c1GOK:<\/strong><\/p>\n\n\n\n<figure class=\"wp-block-image size-full is-resized\"><img decoding=\"async\" loading=\"lazy\" src=\"http:\/\/almaconsulting.hu\/wp-content\/uploads\/2021\/12\/szoe.jpg\" alt=\"\" class=\"wp-image-125\" width=\"112\" height=\"113\" srcset=\"http:\/\/almaconsulting.hu\/wp-content\/uploads\/2021\/12\/szoe.jpg 224w, http:\/\/almaconsulting.hu\/wp-content\/uploads\/2021\/12\/szoe-150x150.jpg 150w\" sizes=\"(max-width: 112px) 100vw, 112px\" \/><\/figure>\n\n\n\n<figure class=\"wp-block-image size-full is-resized\"><img decoding=\"async\" loading=\"lazy\" src=\"http:\/\/almaconsulting.hu\/wp-content\/uploads\/2021\/12\/icf.png\" alt=\"\" class=\"wp-image-126\" width=\"125\" height=\"60\"\/><\/figure>\n\n\n\n<figure class=\"wp-block-image size-full is-resized\"><img decoding=\"async\" loading=\"lazy\" src=\"http:\/\/almaconsulting.hu\/wp-content\/uploads\/2021\/12\/gymskik.png\" alt=\"\" class=\"wp-image-127\" width=\"115\" height=\"118\" srcset=\"http:\/\/almaconsulting.hu\/wp-content\/uploads\/2021\/12\/gymskik.png 320w, http:\/\/almaconsulting.hu\/wp-content\/uploads\/2021\/12\/gymskik-293x300.png 293w\" sizes=\"(max-width: 115px) 100vw, 115px\" \/><\/figure>\n","protected":false},"excerpt":{"rendered":"<p>&#8220;Mindig csak egy l\u00e9p\u00e9st tudunk tenni befel\u00e9 egyszerre, nem t\u00f6bbet, \u00e9s minden l\u00e9p\u00e9s nagy munka, \u00e9s minden l\u00e9p\u00e9s ut\u00e1n felt\u00e1rul egy \u00fajabb l\u00e9p\u00e9s, \u00fajabb kih\u00edv\u00e1s, \u00fajabb c\u00e9l, \u00fajabb k\u00fczd\u00e9s. Nem &hellip; <\/p>\n","protected":false},"author":1,"featured_media":0,"parent":0,"menu_order":0,"comment_status":"closed","ping_status":"closed","template":"","meta":[],"_links":{"self":[{"href":"http:\/\/almaconsulting.hu\/index.php?rest_route=\/wp\/v2\/pages\/111"}],"collection":[{"href":"http:\/\/almaconsulting.hu\/index.php?rest_route=\/wp\/v2\/pages"}],"about":[{"href":"http:\/\/almaconsulting.hu\/index.php?rest_route=\/wp\/v2\/types\/page"}],"author":[{"embeddable":true,"href":"http:\/\/almaconsulting.hu\/index.php?rest_route=\/wp\/v2\/users\/1"}],"replies":[{"embeddable":true,"href":"http:\/\/almaconsulting.hu\/index.php?rest_route=%2Fwp%2Fv2%2Fcomments&post=111"}],"version-history":[{"count":5,"href":"http:\/\/almaconsulting.hu\/index.php?rest_route=\/wp\/v2\/pages\/111\/revisions"}],"predecessor-version":[{"id":188,"href":"http:\/\/almaconsulting.hu\/index.php?rest_route=\/wp\/v2\/pages\/111\/revisions\/188"}],"wp:attachment":[{"href":"http:\/\/almaconsulting.hu\/index.php?rest_route=%2Fwp%2Fv2%2Fmedia&parent=111"}],"curies":[{"name":"wp","href":"https:\/\/api.w.org\/{rel}","templated":true}]}}