{"id":112,"date":"2022-07-17T20:01:44","date_gmt":"2022-07-17T20:01:44","guid":{"rendered":"http:\/\/almaconsulting.hu\/?page_id=112"},"modified":"2023-02-11T11:47:21","modified_gmt":"2023-02-11T11:47:21","slug":"szolgaltatasok","status":"publish","type":"page","link":"http:\/\/almaconsulting.hu\/?page_id=112","title":{"rendered":"Szolg\u00e1ltat\u00e1sok"},"content":{"rendered":"\n<p class=\"has-vivid-green-cyan-background-color has-background has-medium-font-size\"><strong>Egy\u00e9ni, szem\u00e9lyk\u00f6zpont\u00fa \u00e9letmentor\u00e1l\u00e1s<\/strong><\/p>\n\n\n\n<p>Szem\u00e9lyis\u00e9gfejleszt\u0151k\u00e9nt, coachk\u00e9nt, \u00e9letvezet\u00e9si mentork\u00e9nt seg\u00edtek tiszt\u00e1zni c\u00e9ljaidat, beazonos\u00edtani azokat az akad\u00e1lyokat, amelyek h\u00e1tr\u00e1ltatnak. Figyelemmel, elfogad\u00e1ssal, emp\u00e1ti\u00e1val \u00e9s t\u00f6bbf\u00e9le m\u00f3dszertant integr\u00e1ltan alkalmazva t\u00e1mogatlak, hogy \u00e9letedben tart\u00f3s v\u00e1ltoz\u00e1sok t\u00f6rt\u00e9njenek. A k\u00f6z\u00f6s folyamatunk alatt saj\u00e1t megold\u00e1sait felfedez\u00e9se, bels\u0151 er\u0151d meg\u00e9rz\u00e9se is nagyban fog seg\u00edteni abban, hogy az akad\u00e1lyokat, kih\u00edv\u00e1sokat lek\u00fczd.<\/p>\n\n\n\n<p>Szem\u00e9lyk\u00f6zpont\u00fa megk\u00f6zel\u00edt\u00e9ssel dolgozom, vagyis a Te t\u00e9rk\u00e9peden, igazodva k\u00eds\u00e9rlek, szem\u00e9lyre szabottan, a v\u00e1lasztott\/hozott t\u00e9m\u00e1dat mindv\u00e9gig f\u00f3kuszban tartva. Tal\u00e1lkoz\u00e1sainkon az \u201eitt \u00e9s most\u201d erej\u00e9t, a t\u00e9rben, k\u00f6zt\u00fcnk l\u00e9v\u0151 dinamik\u00e1t is felhaszn\u00e1lom, fokozva ezzel a k\u00f6z\u00f6s munk\u00e1nk hat\u00e9konys\u00e1g\u00e1t. (Gestalt ir\u00e1nyzat)<\/p>\n\n\n\n<p>Konkr\u00e9t tan\u00e1csot soha nem adok, hiszen a legjobban Te tudod, milyen a Te helyzeted, a legjobb megold\u00e1sok bel\u0151led fakadnak. Szakemberk\u00e9nt nekem a legfontosabb feladatom megteremteni sz\u00e1modra azt a bizalmi, megtart\u00f3 k\u00f6zeget, amely megmutathatja sz\u00e1modra az \u201eel\u00e9g j\u00f3\u201d megold\u00e1st az adott elakad\u00e1sodra.<\/p>\n\n\n\n<figure class=\"wp-block-gallery has-nested-images columns-default is-cropped wp-block-gallery-1 is-layout-flex\">\n<figure class=\"wp-block-image size-large is-style-rounded\"><img decoding=\"async\" loading=\"lazy\" width=\"1024\" height=\"919\" data-id=\"141\"  src=\"http:\/\/almaconsulting.hu\/wp-content\/uploads\/2022\/07\/2021-10-04-22-09-16-233-1024x919.jpg\" alt=\"\" class=\"wp-image-141\" srcset=\"http:\/\/almaconsulting.hu\/wp-content\/uploads\/2022\/07\/2021-10-04-22-09-16-233-1024x919.jpg 1024w, http:\/\/almaconsulting.hu\/wp-content\/uploads\/2022\/07\/2021-10-04-22-09-16-233-300x269.jpg 300w, http:\/\/almaconsulting.hu\/wp-content\/uploads\/2022\/07\/2021-10-04-22-09-16-233-768x689.jpg 768w, http:\/\/almaconsulting.hu\/wp-content\/uploads\/2022\/07\/2021-10-04-22-09-16-233.jpg 1188w\" sizes=\"(max-width: 1024px) 100vw, 1024px\" \/><\/figure>\n<\/figure>\n\n\n\n<p>&nbsp;&nbsp;&nbsp;&nbsp;&nbsp;&nbsp;&nbsp;&nbsp;&nbsp;&nbsp;&nbsp;&nbsp;&nbsp;&nbsp;&nbsp;&nbsp;&nbsp;&nbsp;&nbsp;&nbsp;<\/p>\n\n\n\n<p><\/p>\n\n\n\n<div class=\"wp-block-buttons is-content-justification-center is-layout-flex wp-container-3\"><\/div>\n\n\n\n<p><\/p>\n\n\n\n<p><\/p>\n\n\n\n<p class=\"has-vivid-green-cyan-background-color has-background has-medium-font-size\"><strong>\u00d6nismereti csoportok  (kreat\u00edv eszk\u00f6z\u00f6kkel)<\/strong><\/p>\n\n\n\n<p>Saj\u00e1t\u00e9lm\u00e9ny\u0171 \u00f6nismereti csoportjaimban, egy hat\u00e9kony ter\u00e1pi\u00e1s eszk\u00f6zt, az OH asszoci\u00e1ci\u00f3s k\u00e1rty\u00e1kat haszn\u00e1lom, a kreat\u00edv alkot\u00e1s erej\u00e9vel, illetve egy\u00e9b, holisztikus szakter\u00fcletekkel (j\u00f3ga, medit\u00e1ci\u00f3, hangf\u00fcrd\u0151) \u00f6tv\u00f6zve vagy \u00f6nmag\u00e1ban. A k\u00e1rty\u00e1k kiv\u00e1l\u00f3an alkalmasak a bels\u0151 dilemm\u00e1k, elakad\u00e1sok, \u00e9rzelmek j\u00e1t\u00e9kos, kreat\u00edv, ugyanakkor kell\u0151 m\u00e9lys\u00e9gben t\u00f6rt\u00e9n\u0151<br>megvizsg\u00e1l\u00e1s\u00e1ra, haszn\u00e1latukkal egyszer\u0171en, m\u00e9gis v\u00e1ratlanul j\u00f6nnek felismer\u00e9sek, v\u00e1laszok.<\/p>\n\n\n<div class=\"wp-block-image\">\n<figure class=\"aligncenter size-large\"><img decoding=\"async\" loading=\"lazy\" width=\"1024\" height=\"683\" src=\"http:\/\/almaconsulting.hu\/wp-content\/uploads\/2022\/07\/arany36_05447-1024x683.jpg\" alt=\"\" class=\"wp-image-142\" srcset=\"http:\/\/almaconsulting.hu\/wp-content\/uploads\/2022\/07\/arany36_05447-1024x683.jpg 1024w, http:\/\/almaconsulting.hu\/wp-content\/uploads\/2022\/07\/arany36_05447-300x200.jpg 300w, http:\/\/almaconsulting.hu\/wp-content\/uploads\/2022\/07\/arany36_05447-768x512.jpg 768w, http:\/\/almaconsulting.hu\/wp-content\/uploads\/2022\/07\/arany36_05447-1536x1024.jpg 1536w, http:\/\/almaconsulting.hu\/wp-content\/uploads\/2022\/07\/arany36_05447-2048x1366.jpg 2048w\" sizes=\"(max-width: 1024px) 100vw, 1024px\" \/><\/figure><\/div>\n\n\n<p>A csoportok t\u00e9m\u00e1i el\u0151re meghat\u00e1rozott tematika alapj\u00e1n vagy a helysz\u00ednen, a r\u00e9sztvev\u0151kben, term\u00e9szetes \u00faton megjelen\u0151 probl\u00e9m\u00e1k ment\u00e9n alakulnak. A foglalkoz\u00e1sok kit\u0171n\u0151 lehet\u0151s\u00e9get teremtenek els\u0151sorban a t\u00e1rsas kompetenci\u00e1k, mint az emp\u00e1tia, egy\u00fcttm\u0171k\u00f6d\u00e9s, konfliktuskezel\u00e9s, kommunik\u00e1ci\u00f3 fejleszt\u00e9s\u00e9re. K\u00f6z\u00f6ss\u00e9gform\u00e1l\u00f3ak, el\u0151seg\u00edtik az emberi kapcsol\u00f3d\u00e1st, ez\u00e1ltal hatv\u00e1nyozottabban t\u00e1mogatnak a saj\u00e1t t\u00f6rt\u00e9neteid meg\u00e9rt\u00e9s\u00e9ben \u00e9s feldolgoz\u00e1s\u00e1ban.<\/p>\n\n\n\n<p class=\"has-vivid-green-cyan-color has-text-color has-medium-font-size\">Aktu\u00e1lis csoportjaimat itt tal\u00e1lod: <a href=\"https:\/\/www.facebook.com\/almaconsultinggyor\">https:\/\/www.facebook.com\/almaconsultinggyor<\/a><\/p>\n\n\n\n<p><\/p>\n\n\n\n<p><\/p>\n\n\n\n<p><\/p>\n\n\n<div class=\"wp-block-image is-style-rounded\">\n<figure class=\"aligncenter size-large is-resized\"><img decoding=\"async\" loading=\"lazy\" src=\"http:\/\/almaconsulting.hu\/wp-content\/uploads\/2023\/02\/arany36_05430-1024x683.jpg\" alt=\"\" class=\"wp-image-190\" width=\"693\" height=\"462\" srcset=\"http:\/\/almaconsulting.hu\/wp-content\/uploads\/2023\/02\/arany36_05430-1024x683.jpg 1024w, http:\/\/almaconsulting.hu\/wp-content\/uploads\/2023\/02\/arany36_05430-300x200.jpg 300w, http:\/\/almaconsulting.hu\/wp-content\/uploads\/2023\/02\/arany36_05430-768x512.jpg 768w, http:\/\/almaconsulting.hu\/wp-content\/uploads\/2023\/02\/arany36_05430-1536x1024.jpg 1536w, http:\/\/almaconsulting.hu\/wp-content\/uploads\/2023\/02\/arany36_05430-2048x1366.jpg 2048w\" sizes=\"(max-width: 693px) 100vw, 693px\" \/><\/figure><\/div>\n\n\n<p><\/p>\n\n\n\n<div class=\"wp-block-buttons is-content-justification-center is-layout-flex wp-container-4\"><\/div>\n\n\n\n<p><\/p>\n\n\n\n<p class=\"has-medium-font-size\"><strong>Hogyan kezd\u00fcnk egy\u00fctt dolgozni?<\/strong><\/p>\n\n\n\n<p>Az els\u0151 tal\u00e1lkoz\u00e1son<\/p>\n\n\n\n<ul>\n<li>szem\u00e9lyesen (vagy online) megismerked\u00fcnk, bemutatkozunk egym\u00e1snak,<\/li>\n\n\n\n<li>besz\u00e9l\u00fcnk R\u00f3lad \u00e9s a jelenleg megoldand\u00f3 probl\u00e9mak\u00f6r\u00f6kr\u0151l, neh\u00e9zs\u00e9gekr\u0151l,<\/li>\n\n\n\n<li>besz\u00e9lek a mentor\u00e1l\u00e1s folyamat\u00e1r\u00f3l,<\/li>\n\n\n\n<li>ismertetem a kereteket,<\/li>\n\n\n\n<li>letessz\u00fck a bizalom alapk\u00f6veit.<\/li>\n<\/ul>\n\n\n\n<p>Ez egy 60 perces alkalom. Az els\u0151 konzult\u00e1ci\u00f3 v\u00e9g\u00e9n sz\u00f3ban szerz\u0151d\u00fcnk, a javaslataim alapj\u00e1n, de mindenkor egy \u00e1ltalad v\u00e9gleges\u00edtett t\u00e9m\u00e1ra \u00e9s elindulhat a k\u00f6z\u00f6s munka!<\/p>\n\n\n\n<p class=\"has-medium-font-size\"><strong>Tal\u00e1lkoz\u00e1saink gyakoris\u00e1ga<\/strong><\/p>\n\n\n\n<p>A szerz\u0151d\u00e9st k\u00f6vet\u0151en k\u00e9thetente tal\u00e1lkozunk, el\u0151re megbesz\u00e9lt \u00fctemez\u00e9s \u00e9s id\u0151pont szerint.<\/p>\n\n\n\n<p class=\"has-medium-font-size\"><strong>Mi t\u00f6rt\u00e9nik a konzult\u00e1ci\u00f3kon?<\/strong><\/p>\n\n\n\n<p>A konzult\u00e1ci\u00f3k sor\u00e1n, teljes figyelmemet Neked szentelem, biztons\u00e1gos teret hozva l\u00e9tre az \u00e9rz\u00e9sek \u00e9s gondolatok \u00e1raml\u00e1s\u00e1hoz. Visszajelz\u00e9seimmel \u00e9s k\u00e9rd\u00e9seimmel seg\u00edtek Neked rendszerbe foglalni mindazt, ami kaotikus, el\u0151mozd\u00edtom az ellentmond\u00e1sok \u00e9szlel\u00e9s\u00e9t, a m\u00faltb\u00f3l hozott mint\u00e1zatok felismer\u00e9s\u00e9t \u00e9s meghalad\u00e1s\u00e1t, f\u00f3kuszpontokat aj\u00e1nlok, \u00e9s t\u00e1mogat\u00e1st ny\u00fajtok az apr\u00f3bb \u00e9s nagyobb c\u00e9lok kit\u0171z\u00e9s\u00e9hez \u00e9s el\u00e9r\u00e9s\u00e9hez. A tal\u00e1lkoz\u00e1saink alkalm\u00e1val megkeress\u00fck a probl\u00e9m\u00e1d lehets\u00e9ges okait, majd k\u00f6rbej\u00e1rjuk a felismer\u00e9seid ment\u00e9n, milyen er\u0151forr\u00e1sok, tapasztalatok, ism\u00e9tl\u0151d\u0151 mint\u00e1zatok, dinamik\u00e1k vannak a birtokodban, melyek akad\u00e1lyoznak, megk\u00fczdve azonban k\u00e9pess\u00e9 tesznek h\u00e9tk\u00f6znapi \u00e9letedben a v\u00e1ltoz\u00e1sra, v\u00e1ltoztat\u00e1sra.<\/p>\n\n\n\n<p class=\"has-medium-font-size\"><strong>Mikor \u00e9rdemes felkeresned engem?<\/strong><\/p>\n\n\n\n<p>Ha<\/p>\n\n\n\n<ul>\n<li>azt \u00e9rzed, elakadt\u00e1l \u00e9s j\u00f3 lenne valahova\/valahogyan tov\u00e1bbl\u00e9pni,<\/li>\n\n\n\n<li>szeretn\u00e9l motiv\u00e1ltabb lenni,<\/li>\n\n\n\n<li>egyed\u00fcl vagy egy probl\u00e9m\u00e1val, amire szeretn\u00e9l megold\u00e1st tal\u00e1lni, d\u00f6nt\u00e9st hozni,<\/li>\n\n\n\n<li>szeretn\u00e9l fejl\u0151dni t\u00e1rsas kapcsolataidat illet\u0151en,<\/li>\n\n\n\n<li>gyermekeddel val\u00f3 kapcsolatodban probl\u00e9m\u00e1k vannak,<\/li>\n\n\n\n<li>munkahelyi neh\u00e9zs\u00e9gekkel vagy ki\u00e9g\u00e9ssel k\u00fczdesz,<\/li>\n\n\n\n<li>nem megy a hat\u00e1rh\u00faz\u00e1s, nemet mond\u00e1s,<\/li>\n\n\n\n<li>Akkor is, ha \u00fagy \u00e9rzed, m\u00e9g nem tudod pontosan megfogalmazni a kih\u00edv\u00e1sodat, de hat\u00e1rozottan azt \u00e9rzed, hogy sz\u00e9tcs\u00faszott az \u00e9leted.<\/li>\n<\/ul>\n\n\n\n<p>Igen, sz\u00fcks\u00e9gem van egy id\u0151pontra!<\/p>\n\n\n\n<p class=\"has-medium-font-size\"><strong>K\u00f6z\u00f6s munk\u00e1nk alapja a bizalom<\/strong><strong> \u00e9s az elfogad\u00e1s. Ebben fog szem\u00e9lyis\u00e9ged fejl\u0151dni, \u00e9rni.<\/strong><\/p>\n\n\n\n<p>T\u00e1mogatlak abban, hogy felfedezd \u00e9s tudatos\u00edtsd a benned rejl\u0151 er\u0151forr\u00e1sokat \u00e9s b\u00e1tor\u00edtalak, hogy haszn\u00e1ld is \u0151ket. Olyan k\u00e9rd\u00e9seket, t\u00fckr\u00f6ket teszek el\u00e9d, amik alapj\u00e1n nem csak meg\u00e9rted a helyzetedet, de m\u00e1s sz\u00f6gb\u0151l is r\u00e1l\u00e1tsz. A v\u00e1laszaiddal pedig nem hagylak egyed\u00fcl, hanem azokat is a hely\u00fckre tessz\u00fck. \u00c9n ott leszek Veled. Elfogadom a temp\u00f3t, amiben a v\u00e1ltoz\u00e1st meg tudod \u00e9lni, de nem hagyom, hogy lassabban haladj, mint ahogy k\u00e9pes vagy r\u00e1.<\/p>\n\n\n\n<p>Ha ezt elolvastad, \u00e9s k\u00e9szen \u00e1llsz a k\u00f6vetkez\u0151 l\u00e9p\u00e9sre, j\u00f6het az els\u0151 megbesz\u00e9l\u00e9s\u00fcnk. Ekkor egyeztet\u00fcnk mindenr\u0151l, ami T\u00e9ged \u00e9rdekel, v\u00e1laszolok a k\u00e9rd\u00e9seidre, illetve lefektetj\u00fck a kereteket.<\/p>\n\n\n\n<p><\/p>\n\n\n\n<div class=\"wp-block-buttons is-content-justification-center is-layout-flex wp-container-5\">\n<div class=\"wp-block-button is-style-outline\"><a class=\"wp-block-button__link wp-element-button\" href=\"https:\/\/bit.ly\/3zcottG\" target=\"_blank\" rel=\"noreferrer noopener\">Szeretn\u00e9k feliratkozni a havi egy h\u00edrlev\u00e9lre az \u00fajdons\u00e1gok\u00e9rt!<\/a><\/div>\n<\/div>\n\n\n\n<p><\/p>\n","protected":false},"excerpt":{"rendered":"<p>Egy\u00e9ni, szem\u00e9lyk\u00f6zpont\u00fa \u00e9letmentor\u00e1l\u00e1s Szem\u00e9lyis\u00e9gfejleszt\u0151k\u00e9nt, coachk\u00e9nt, \u00e9letvezet\u00e9si mentork\u00e9nt seg\u00edtek tiszt\u00e1zni c\u00e9ljaidat, beazonos\u00edtani azokat az akad\u00e1lyokat, amelyek h\u00e1tr\u00e1ltatnak. Figyelemmel, elfogad\u00e1ssal, emp\u00e1ti\u00e1val \u00e9s t\u00f6bbf\u00e9le m\u00f3dszertant integr\u00e1ltan alkalmazva t\u00e1mogatlak, hogy \u00e9letedben tart\u00f3s v\u00e1ltoz\u00e1sok t\u00f6rt\u00e9njenek. &hellip; <\/p>\n","protected":false},"author":1,"featured_media":0,"parent":0,"menu_order":0,"comment_status":"closed","ping_status":"closed","template":"","meta":[],"_links":{"self":[{"href":"http:\/\/almaconsulting.hu\/index.php?rest_route=\/wp\/v2\/pages\/112"}],"collection":[{"href":"http:\/\/almaconsulting.hu\/index.php?rest_route=\/wp\/v2\/pages"}],"about":[{"href":"http:\/\/almaconsulting.hu\/index.php?rest_route=\/wp\/v2\/types\/page"}],"author":[{"embeddable":true,"href":"http:\/\/almaconsulting.hu\/index.php?rest_route=\/wp\/v2\/users\/1"}],"replies":[{"embeddable":true,"href":"http:\/\/almaconsulting.hu\/index.php?rest_route=%2Fwp%2Fv2%2Fcomments&post=112"}],"version-history":[{"count":9,"href":"http:\/\/almaconsulting.hu\/index.php?rest_route=\/wp\/v2\/pages\/112\/revisions"}],"predecessor-version":[{"id":211,"href":"http:\/\/almaconsulting.hu\/index.php?rest_route=\/wp\/v2\/pages\/112\/revisions\/211"}],"wp:attachment":[{"href":"http:\/\/almaconsulting.hu\/index.php?rest_route=%2Fwp%2Fv2%2Fmedia&parent=112"}],"curies":[{"name":"wp","href":"https:\/\/api.w.org\/{rel}","templated":true}]}}